{"id":17,"date":"2022-09-02T11:54:36","date_gmt":"2022-09-02T11:54:36","guid":{"rendered":"https:\/\/demo.apeen.pt\/?page_id=17"},"modified":"2026-01-15T14:46:50","modified_gmt":"2026-01-15T14:46:50","slug":"home","status":"publish","type":"page","link":"https:\/\/apeen.pt\/en\/","title":{"rendered":"Home"},"content":{"rendered":"<div data-elementor-type=\"wp-page\" data-elementor-id=\"17\" class=\"elementor elementor-17\">\n\t\t\t\t\t\t<section class=\"elementor-section elementor-top-section elementor-element elementor-element-b1ed379 elementor-section-full_width elementor-hidden-mobile elementor-section-height-default elementor-section-height-default\" data-id=\"b1ed379\" data-element_type=\"section\" data-e-type=\"section\">\n\t\t\t\t\t\t<div class=\"elementor-container elementor-column-gap-no\">\n\t\t\t\t\t<div class=\"elementor-column elementor-col-100 elementor-top-column elementor-element elementor-element-74fc817\" data-id=\"74fc817\" data-element_type=\"column\" data-e-type=\"column\">\n\t\t\t<div class=\"elementor-widget-wrap elementor-element-populated\">\n\t\t\t\t\t\t<div class=\"elementor-element elementor-element-5129e33 elementor-arrows-position-inside elementor-widget elementor-widget-image-carousel\" data-id=\"5129e33\" data-element_type=\"widget\" data-e-type=\"widget\" data-settings=\"{&quot;slides_to_show&quot;:&quot;1&quot;,&quot;navigation&quot;:&quot;arrows&quot;,&quot;speed&quot;:1000,&quot;pause_on_hover&quot;:&quot;no&quot;,&quot;pause_on_interaction&quot;:&quot;no&quot;,&quot;autoplay&quot;:&quot;yes&quot;,&quot;autoplay_speed&quot;:5000,&quot;infinite&quot;:&quot;yes&quot;,&quot;effect&quot;:&quot;slide&quot;}\" data-widget_type=\"image-carousel.default\">\n\t\t\t\t<div class=\"elementor-widget-container\">\n\t\t\t\t\t\t\t<div class=\"elementor-image-carousel-wrapper swiper\" role=\"region\" aria-roledescription=\"carousel\" aria-label=\"Image Carousel\" dir=\"ltr\">\n\t\t\t<div class=\"elementor-image-carousel swiper-wrapper\" aria-live=\"off\">\n\t\t\t\t\t\t\t\t<div class=\"swiper-slide\" role=\"group\" aria-roledescription=\"slide\" aria-label=\"1 of 5\"><figure class=\"swiper-slide-inner\"><img decoding=\"async\" class=\"swiper-slide-image\" src=\"https:\/\/apeen.pt\/wp-content\/uploads\/elementor\/thumbs\/y-pwnaua42i7a3nqlnbffnd1aqlkwe8u38039iq4rb64.png\" alt=\"APEEN - Associa\u00e7\u00e3o Portuguesa de Economia da Energia\" \/><figcaption class=\"elementor-image-carousel-caption\">APEEN - The Portuguese Association of Energy Economics<\/figcaption><\/figure><\/div><div class=\"swiper-slide\" role=\"group\" aria-roledescription=\"slide\" aria-label=\"2 of 5\"><figure class=\"swiper-slide-inner\"><img decoding=\"async\" class=\"swiper-slide-image\" src=\"https:\/\/apeen.pt\/wp-content\/uploads\/elementor\/thumbs\/y2-pwnauet9gdgj9setjzgs7i41ki98bblvoqiy4ikcb0.png\" alt=\"Visa o interc\u00e2mbio nacional e internacional entre indiv\u00edduos e organiza\u00e7\u00f5es na \u00e1rea de Economia da Energia\" \/><figcaption class=\"elementor-image-carousel-caption\">It aims at national and international exchange between individuals and organizations in the area of Energy Economics<\/figcaption><\/figure><\/div><div class=\"swiper-slide\" role=\"group\" aria-roledescription=\"slide\" aria-label=\"3 of 5\"><figure class=\"swiper-slide-inner\"><img decoding=\"async\" class=\"swiper-slide-image\" src=\"https:\/\/apeen.pt\/wp-content\/uploads\/elementor\/thumbs\/slide3-2-pvtattqs72vaiympv4z86dsuudpn01dnrpgj4l72h8.png\" alt=\"\u00c9 a filial em Portugal da IAEE - International Association for Energy Economics\" \/><figcaption class=\"elementor-image-carousel-caption\">It is the Portuguese affiliate of IAEE - International Association for Energy Economics<\/figcaption><\/figure><\/div><div class=\"swiper-slide\" role=\"group\" aria-roledescription=\"slide\" aria-label=\"4 of 5\"><figure class=\"swiper-slide-inner\"><img decoding=\"async\" class=\"swiper-slide-image\" src=\"https:\/\/apeen.pt\/wp-content\/uploads\/elementor\/thumbs\/slide4-2-pvtau0bnix4as8d5sptm5u5302t7hx3s4m0xhixb9o.png\" alt=\"Organiza confer\u00eancias e semin\u00e1rios na \u00e1rea da Economia da Energia e divulga os trabalhos dos seus associados\" \/><figcaption class=\"elementor-image-carousel-caption\">Organizes conferences and seminars in the field of Energy Economics and disseminates the work of its members<\/figcaption><\/figure><\/div><div class=\"swiper-slide\" role=\"group\" aria-roledescription=\"slide\" aria-label=\"5 of 5\"><figure class=\"swiper-slide-inner\"><img decoding=\"async\" class=\"swiper-slide-image\" src=\"https:\/\/apeen.pt\/wp-content\/uploads\/elementor\/thumbs\/slide5-2-pvtau6wiurdb1i3lqao05ahb5rwrzstwhilbugnk24.png\" alt=\"Podem ser associados da APEEN os indiv\u00edduos e organiza\u00e7\u00f5es com interesse na \u00e1rea de Economia da Energia\" \/><figcaption class=\"elementor-image-carousel-caption\">Individuals and organizations with an interest in the area of Energy Economics can be members of APEEN<\/figcaption><\/figure><\/div>\t\t\t<\/div>\n\t\t\t\t\t\t\t\t\t\t\t\t<div class=\"elementor-swiper-button elementor-swiper-button-prev\" role=\"button\" tabindex=\"0\">\n\t\t\t\t\t\t<i aria-hidden=\"true\" class=\"eicon-chevron-left\"><\/i>\t\t\t\t\t<\/div>\n\t\t\t\t\t<div class=\"elementor-swiper-button elementor-swiper-button-next\" role=\"button\" tabindex=\"0\">\n\t\t\t\t\t\t<i aria-hidden=\"true\" class=\"eicon-chevron-right\"><\/i>\t\t\t\t\t<\/div>\n\t\t\t\t\n\t\t\t\t\t\t\t\t\t<\/div>\n\t\t\t\t\t\t<\/div>\n\t\t\t\t<\/div>\n\t\t\t\t\t<\/div>\n\t\t<\/div>\n\t\t\t\t\t<\/div>\n\t\t<\/section>\n\t\t\t\t<section class=\"elementor-section elementor-top-section elementor-element elementor-element-e56cfee elementor-section-full_width elementor-hidden-tablet elementor-section-height-default elementor-section-height-default\" data-id=\"e56cfee\" data-element_type=\"section\" data-e-type=\"section\">\n\t\t\t\t\t\t<div class=\"elementor-container elementor-column-gap-no\">\n\t\t\t\t\t<div class=\"elementor-column elementor-col-100 elementor-top-column elementor-element elementor-element-45565d5\" data-id=\"45565d5\" data-element_type=\"column\" data-e-type=\"column\">\n\t\t\t<div class=\"elementor-widget-wrap elementor-element-populated\">\n\t\t\t\t\t\t<div class=\"elementor-element elementor-element-2a6d2d1 elementor-hidden-desktop elementor-hidden-tablet elementor-arrows-position-inside elementor-widget elementor-widget-image-carousel\" data-id=\"2a6d2d1\" data-element_type=\"widget\" data-e-type=\"widget\" data-settings=\"{&quot;slides_to_show&quot;:&quot;1&quot;,&quot;navigation&quot;:&quot;arrows&quot;,&quot;speed&quot;:1000,&quot;pause_on_hover&quot;:&quot;no&quot;,&quot;pause_on_interaction&quot;:&quot;no&quot;,&quot;autoplay&quot;:&quot;yes&quot;,&quot;autoplay_speed&quot;:5000,&quot;infinite&quot;:&quot;yes&quot;,&quot;effect&quot;:&quot;slide&quot;}\" data-widget_type=\"image-carousel.default\">\n\t\t\t\t<div class=\"elementor-widget-container\">\n\t\t\t\t\t\t\t<div class=\"elementor-image-carousel-wrapper swiper\" role=\"region\" aria-roledescription=\"carousel\" aria-label=\"Image Carousel\" dir=\"ltr\">\n\t\t\t<div class=\"elementor-image-carousel swiper-wrapper\" aria-live=\"off\">\n\t\t\t\t\t\t\t\t<div class=\"swiper-slide\" role=\"group\" aria-roledescription=\"slide\" aria-label=\"1 of 5\"><figure class=\"swiper-slide-inner\"><img decoding=\"async\" class=\"swiper-slide-image\" src=\"https:\/\/apeen.pt\/wp-content\/uploads\/2022\/10\/mobile.png\" alt=\"APEEN - Associa\u00e7\u00e3o Portuguesa de Economia da Energia\" \/><figcaption class=\"elementor-image-carousel-caption\">APEEN - The Portuguese Association of Energy Economics<\/figcaption><\/figure><\/div><div class=\"swiper-slide\" role=\"group\" aria-roledescription=\"slide\" aria-label=\"2 of 5\"><figure class=\"swiper-slide-inner\"><img decoding=\"async\" class=\"swiper-slide-image\" src=\"https:\/\/apeen.pt\/wp-content\/uploads\/2022\/10\/mobile2.png\" alt=\"Visa o interc\u00e2mbio nacional e internacional entre indiv\u00edduos e organiza\u00e7\u00f5es na \u00e1rea de Economia da Energia\" \/><figcaption class=\"elementor-image-carousel-caption\">It aims at national and international exchange between individuals and organizations in the area of Energy Economics<\/figcaption><\/figure><\/div><div class=\"swiper-slide\" role=\"group\" aria-roledescription=\"slide\" aria-label=\"3 of 5\"><figure class=\"swiper-slide-inner\"><img decoding=\"async\" class=\"swiper-slide-image\" src=\"https:\/\/apeen.pt\/wp-content\/uploads\/2022\/10\/mobile3.png\" alt=\"\u00c9 a filial em Portugal da IAEE - International Association for Energy Economics\" \/><figcaption class=\"elementor-image-carousel-caption\">It is the Portuguese affiliate of IAEE - International Association for Energy Economics<\/figcaption><\/figure><\/div><div class=\"swiper-slide\" role=\"group\" aria-roledescription=\"slide\" aria-label=\"4 of 5\"><figure class=\"swiper-slide-inner\"><img decoding=\"async\" class=\"swiper-slide-image\" src=\"https:\/\/apeen.pt\/wp-content\/uploads\/2022\/10\/mobile4.png\" alt=\"Organiza confer\u00eancias e semin\u00e1rios na \u00e1rea da Economia da Energia e divulga os trabalhos dos seus associados\" \/><figcaption class=\"elementor-image-carousel-caption\">Organizes conferences and seminars in the field of Energy Economics and disseminates the work of its members<\/figcaption><\/figure><\/div><div class=\"swiper-slide\" role=\"group\" aria-roledescription=\"slide\" aria-label=\"5 of 5\"><figure class=\"swiper-slide-inner\"><img decoding=\"async\" class=\"swiper-slide-image\" src=\"https:\/\/apeen.pt\/wp-content\/uploads\/2022\/10\/mobile5.png\" alt=\"Podem ser associados da APEEN os indiv\u00edduos e organiza\u00e7\u00f5es com interesse na \u00e1rea de Economia da Energia\" \/><figcaption class=\"elementor-image-carousel-caption\">Individuals and organizations with an interest in the area of Energy Economics can be members of APEEN<\/figcaption><\/figure><\/div>\t\t\t<\/div>\n\t\t\t\t\t\t\t\t\t\t\t\t<div class=\"elementor-swiper-button elementor-swiper-button-prev\" role=\"button\" tabindex=\"0\">\n\t\t\t\t\t\t<i aria-hidden=\"true\" class=\"eicon-chevron-left\"><\/i>\t\t\t\t\t<\/div>\n\t\t\t\t\t<div class=\"elementor-swiper-button elementor-swiper-button-next\" role=\"button\" tabindex=\"0\">\n\t\t\t\t\t\t<i aria-hidden=\"true\" class=\"eicon-chevron-right\"><\/i>\t\t\t\t\t<\/div>\n\t\t\t\t\n\t\t\t\t\t\t\t\t\t<\/div>\n\t\t\t\t\t\t<\/div>\n\t\t\t\t<\/div>\n\t\t\t\t\t<\/div>\n\t\t<\/div>\n\t\t\t\t\t<\/div>\n\t\t<\/section>\n\t\t\t\t<section class=\"elementor-section elementor-top-section elementor-element elementor-element-478bc77 elementor-section-height-min-height elementor-section-boxed elementor-section-height-default elementor-section-items-middle\" data-id=\"478bc77\" data-element_type=\"section\" data-e-type=\"section\" data-settings=\"{&quot;background_background&quot;:&quot;classic&quot;}\">\n\t\t\t\t\t\t<div class=\"elementor-container elementor-column-gap-default\">\n\t\t\t\t\t<div class=\"elementor-column elementor-col-100 elementor-top-column elementor-element elementor-element-e3b1372\" data-id=\"e3b1372\" data-element_type=\"column\" data-e-type=\"column\">\n\t\t\t<div class=\"elementor-widget-wrap elementor-element-populated\">\n\t\t\t\t\t\t<div class=\"elementor-element elementor-element-3dc6b0d elementor-widget elementor-widget-owl-carousel-elementor\" data-id=\"3dc6b0d\" data-element_type=\"widget\" data-e-type=\"widget\" data-widget_type=\"owl-carousel-elementor.default\">\n\t\t\t\t<div class=\"elementor-widget-container\">\n\t\t\t\t\t<div class='js-owce-carousel-container owce-carousel-container owce-carousel-no-nav owce-carousel-no-nav-tablet owce-carousel-no-nav-mobile owce-carousel-3dc6b0d'><div id=\"owce-carousel-3dc6b0d\" class=\"owl-carousel owl-theme js-owce-carousel owce-carousel owce-carousel-basic owce-carousel-basic-one\" data-options=\"{&quot;field_prefix&quot;:&quot;carousel_&quot;,&quot;layout&quot;:&quot;basic&quot;,&quot;rtl&quot;:false,&quot;items_count&quot;:3,&quot;items_count_tablet&quot;:null,&quot;items_count_mobile&quot;:null,&quot;items_slideby&quot;:1,&quot;items_slideby_tablet&quot;:null,&quot;items_slideby_mobile&quot;:null,&quot;margin&quot;:15,&quot;margin_tablet&quot;:0,&quot;margin_mobile&quot;:0,&quot;nav&quot;:&quot;&quot;,&quot;nav_tablet&quot;:null,&quot;nav_mobile&quot;:null,&quot;dots&quot;:&quot;yes&quot;,&quot;dots_tablet&quot;:null,&quot;dots_mobile&quot;:null,&quot;autoplay&quot;:&quot;&quot;,&quot;autoplay_timeout&quot;:4000,&quot;autoplay_hover_pause&quot;:false,&quot;animate_in&quot;:&quot;&quot;,&quot;animate_out&quot;:&quot;&quot;,&quot;rewind&quot;:&quot;&quot;,&quot;loop&quot;:&quot;&quot;,&quot;loop_tablet&quot;:null,&quot;loop_mobile&quot;:null,&quot;smart_speed&quot;:500,&quot;lazyLoad&quot;:&quot;yes&quot;,&quot;auto_height&quot;:&quot;&quot;,&quot;mouse_drag&quot;:&quot;yes&quot;,&quot;touch_drag&quot;:&quot;yes&quot;}\">            \t\t\t<div class=\"item carousel-item-e073ee5 elementor-animation-float\">\n                <div class=\"owl-thumb\">\n    <img fetchpriority=\"high\" decoding=\"async\" width=\"300\" height=\"251\" src=\"https:\/\/apeen.pt\/wp-content\/uploads\/2026\/01\/Facebook-Posts-300x251.png\" class=\"attachment-medium size-medium wp-image-3003\" alt=\"\" srcset=\"https:\/\/apeen.pt\/wp-content\/uploads\/2026\/01\/Facebook-Posts-300x251.png 300w, https:\/\/apeen.pt\/wp-content\/uploads\/2026\/01\/Facebook-Posts-768x644.png 768w, https:\/\/apeen.pt\/wp-content\/uploads\/2026\/01\/Facebook-Posts-14x12.png 14w, https:\/\/apeen.pt\/wp-content\/uploads\/2026\/01\/Facebook-Posts-537x450.png 537w, https:\/\/apeen.pt\/wp-content\/uploads\/2026\/01\/Facebook-Posts.png 940w\" sizes=\"(max-width: 300px) 100vw, 300px\" loading=\"eager\" \/><\/div>\n<span class=\"owl-content\" data-setting=\"item_content\"><h5 style=\"text-align:center\">Young Research Award 2026<\/h5>\n\n<p>\nAPEEN is pleased to announce the APEEN Young Researcher Award 2026, which aims to recognise...\n<br>\n<a href=\"https:\/\/apeen.pt\/premios\/\" target=\"_blank\">More details<\/a>\n<\/p>\n\n<br>\n<i class=\"fa fa-map-marker-alt\"><\/i> E-mail: premio@apeen.pt<br \/>\n<i class=\"fa fa-calendar-alt\"><\/i> Until February 15th 2026<\/span>\t\t\t<\/div>\n\t\t            \t\t\t<div class=\"item carousel-item-c0bed7f elementor-animation-float\">\n                <div class=\"owl-thumb\">\n    <img decoding=\"async\" width=\"300\" height=\"84\" src=\"https:\/\/apeen.pt\/wp-content\/uploads\/2026\/01\/resizer-300x84.png\" class=\"attachment-medium size-medium wp-image-3011\" alt=\"\" srcset=\"https:\/\/apeen.pt\/wp-content\/uploads\/2026\/01\/resizer-300x84.png 300w, https:\/\/apeen.pt\/wp-content\/uploads\/2026\/01\/resizer-1024x288.png 1024w, https:\/\/apeen.pt\/wp-content\/uploads\/2026\/01\/resizer-768x216.png 768w, https:\/\/apeen.pt\/wp-content\/uploads\/2026\/01\/resizer-1536x432.png 1536w, https:\/\/apeen.pt\/wp-content\/uploads\/2026\/01\/resizer-18x5.png 18w, https:\/\/apeen.pt\/wp-content\/uploads\/2026\/01\/resizer-1320x371.png 1320w, https:\/\/apeen.pt\/wp-content\/uploads\/2026\/01\/resizer-600x169.png 600w, https:\/\/apeen.pt\/wp-content\/uploads\/2026\/01\/resizer.png 1920w\" sizes=\"(max-width: 300px) 100vw, 300px\" loading=\"eager\" \/><\/div>\n<span class=\"owl-content\" data-setting=\"item_content\"><h5 style=\"text-align:center\"> 9th Annual APEEN conference <\/h5>\n\n<p>\nA 9.\u00aa Confer\u00eancia Anual da APEEN \u00e9 dedicada a explorar as m\u00faltiplas dimens\u00f5es...<br>\n\n<a href=\"https:\/\/www.ua.pt\/pt\/apeen\" target=\"_blank\">More details<\/a><\/p>\n\n<br>\n<i class=\"fa fa-map-marker-alt\"><\/i> Universidade de Aveiro, Portugal<br \/>\n<i class=\"fa fa-calendar-alt\"><\/i> 19-20 Mar\u00e7o de 2026<\/span>\t\t\t<\/div>\n\t\t            \t\t\t<div class=\"item carousel-item-589f219 elementor-animation-float\">\n                <div class=\"owl-thumb\">\n    <img decoding=\"async\" width=\"300\" height=\"135\" src=\"https:\/\/apeen.pt\/wp-content\/uploads\/2023\/12\/evento-200357-banner-300x135.jpeg\" class=\"attachment-medium size-medium wp-image-2754\" alt=\"\" srcset=\"https:\/\/apeen.pt\/wp-content\/uploads\/2023\/12\/evento-200357-banner-300x135.jpeg 300w, https:\/\/apeen.pt\/wp-content\/uploads\/2023\/12\/evento-200357-banner-1024x460.jpeg 1024w, https:\/\/apeen.pt\/wp-content\/uploads\/2023\/12\/evento-200357-banner-768x345.jpeg 768w, https:\/\/apeen.pt\/wp-content\/uploads\/2023\/12\/evento-200357-banner-18x8.jpeg 18w, https:\/\/apeen.pt\/wp-content\/uploads\/2023\/12\/evento-200357-banner-600x270.jpeg 600w, https:\/\/apeen.pt\/wp-content\/uploads\/2023\/12\/evento-200357-banner.jpeg 1280w\" sizes=\"(max-width: 300px) 100vw, 300px\" loading=\"eager\" \/><\/div>\n<span class=\"owl-content\" data-setting=\"item_content\"><h5 style=\"text-align:center\">9th Latin American Energy Economics Meeting (ELAEE)<\/h5>\n\n<p>\nThe 9th Latin American Energy Economy Meeting (ELAEE) will be held on the campus of the Pontifical Catholic University of Rio de Janeiro (PUC-Rio)...<br>\n\n<a href=\"https:\/\/doity.com.br\/9elaee\" target=\"_blank\">More details<\/a><\/p>\n\n<br>\n<i class=\"fa fa-map-marker-alt\"><\/i>Rio de Janeiro, Brazil<br \/>\n<i class=\"fa fa-calendar-alt\"><\/i> July 28-30, 2024<\/span>\t\t\t<\/div>\n\t\t<\/div><\/div>\t\t\t\t<\/div>\n\t\t\t\t<\/div>\n\t\t\t\t\t<\/div>\n\t\t<\/div>\n\t\t\t\t\t<\/div>\n\t\t<\/section>\n\t\t\t\t<\/div>","protected":false},"excerpt":{"rendered":"<p>APEEN &#8211; Associa\u00e7\u00e3o Portuguesa de Economia da Energia Visa o interc\u00e2mbio nacional e internacional entre indiv\u00edduos e organiza\u00e7\u00f5es na \u00e1rea de Economia da Energia \u00c9 a filial em Portugal da IAEE &#8211; International Association for Energy Economics Organiza confer\u00eancias e semin\u00e1rios na \u00e1rea da Economia da Energia e divulga os trabalhos dos seus associados Podem [&hellip;]<\/p>\n","protected":false},"author":1,"featured_media":0,"parent":0,"menu_order":0,"comment_status":"closed","ping_status":"closed","template":"","meta":{"site-sidebar-layout":"no-sidebar","site-content-layout":"page-builder","ast-site-content-layout":"full-width-container","site-content-style":"unboxed","site-sidebar-style":"unboxed","ast-global-header-display":"","ast-banner-title-visibility":"","ast-main-header-display":"","ast-hfb-above-header-display":"","ast-hfb-below-header-display":"","ast-hfb-mobile-header-display":"","site-post-title":"disabled","ast-breadcrumbs-content":"","ast-featured-img":"disabled","footer-sml-layout":"","ast-disable-related-posts":"","theme-transparent-header-meta":"","adv-header-id-meta":"","stick-header-meta":"","header-above-stick-meta":"","header-main-stick-meta":"","header-below-stick-meta":"","astra-migrate-meta-layouts":"set","ast-page-background-enabled":"default","ast-page-background-meta":{"desktop":{"background-color":"var(--ast-global-color-4)","background-image":"","background-repeat":"repeat","background-position":"center center","background-size":"auto","background-attachment":"scroll","background-type":"","background-media":"","overlay-type":"","overlay-color":"","overlay-opacity":"","overlay-gradient":""},"tablet":{"background-color":"","background-image":"","background-repeat":"repeat","background-position":"center center","background-size":"auto","background-attachment":"scroll","background-type":"","background-media":"","overlay-type":"","overlay-color":"","overlay-opacity":"","overlay-gradient":""},"mobile":{"background-color":"","background-image":"","background-repeat":"repeat","background-position":"center center","background-size":"auto","background-attachment":"scroll","background-type":"","background-media":"","overlay-type":"","overlay-color":"","overlay-opacity":"","overlay-gradient":""}},"ast-content-background-meta":{"desktop":{"background-color":"var(--ast-global-color-5)","background-image":"","background-repeat":"repeat","background-position":"center center","background-size":"auto","background-attachment":"scroll","background-type":"","background-media":"","overlay-type":"","overlay-color":"","overlay-opacity":"","overlay-gradient":""},"tablet":{"background-color":"var(--ast-global-color-5)","background-image":"","background-repeat":"repeat","background-position":"center center","background-size":"auto","background-attachment":"scroll","background-type":"","background-media":"","overlay-type":"","overlay-color":"","overlay-opacity":"","overlay-gradient":""},"mobile":{"background-color":"var(--ast-global-color-5)","background-image":"","background-repeat":"repeat","background-position":"center center","background-size":"auto","background-attachment":"scroll","background-type":"","background-media":"","overlay-type":"","overlay-color":"","overlay-opacity":"","overlay-gradient":""}},"footnotes":""},"class_list":["post-17","page","type-page","status-publish","hentry"],"_links":{"self":[{"href":"https:\/\/apeen.pt\/en\/wp-json\/wp\/v2\/pages\/17","targetHints":{"allow":["GET"]}}],"collection":[{"href":"https:\/\/apeen.pt\/en\/wp-json\/wp\/v2\/pages"}],"about":[{"href":"https:\/\/apeen.pt\/en\/wp-json\/wp\/v2\/types\/page"}],"author":[{"embeddable":true,"href":"https:\/\/apeen.pt\/en\/wp-json\/wp\/v2\/users\/1"}],"replies":[{"embeddable":true,"href":"https:\/\/apeen.pt\/en\/wp-json\/wp\/v2\/comments?post=17"}],"version-history":[{"count":413,"href":"https:\/\/apeen.pt\/en\/wp-json\/wp\/v2\/pages\/17\/revisions"}],"predecessor-version":[{"id":3017,"href":"https:\/\/apeen.pt\/en\/wp-json\/wp\/v2\/pages\/17\/revisions\/3017"}],"wp:attachment":[{"href":"https:\/\/apeen.pt\/en\/wp-json\/wp\/v2\/media?parent=17"}],"curies":[{"name":"wp","href":"https:\/\/api.w.org\/{rel}","templated":true}]}}