{"id":32,"date":"2022-09-02T12:10:28","date_gmt":"2022-09-02T12:10:28","guid":{"rendered":"https:\/\/demo.apeen.pt\/?page_id=32"},"modified":"2022-10-18T18:44:59","modified_gmt":"2022-10-18T18:44:59","slug":"apresentacao","status":"publish","type":"page","link":"https:\/\/apeen.pt\/en\/apresentacao\/","title":{"rendered":"Presentation"},"content":{"rendered":"<div data-elementor-type=\"wp-page\" data-elementor-id=\"32\" class=\"elementor elementor-32\">\n\t\t\t\t\t\t<section class=\"elementor-section elementor-top-section elementor-element elementor-element-d8c979d elementor-section-full_width elementor-section-height-default elementor-section-height-default\" data-id=\"d8c979d\" data-element_type=\"section\" data-e-type=\"section\">\n\t\t\t\t\t\t<div class=\"elementor-container elementor-column-gap-no\">\n\t\t\t\t\t<div class=\"elementor-column elementor-col-100 elementor-top-column elementor-element elementor-element-24ebcf0\" data-id=\"24ebcf0\" data-element_type=\"column\" data-e-type=\"column\">\n\t\t\t<div class=\"elementor-widget-wrap elementor-element-populated\">\n\t\t\t\t\t\t<div class=\"elementor-element elementor-element-6fc6c57 elementor-widget elementor-widget-image\" data-id=\"6fc6c57\" data-element_type=\"widget\" data-e-type=\"widget\" data-widget_type=\"image.default\">\n\t\t\t\t<div class=\"elementor-widget-container\">\n\t\t\t\t\t\t\t\t\t\t\t\t\t\t\t<img fetchpriority=\"high\" decoding=\"async\" width=\"3096\" height=\"907\" src=\"https:\/\/apeen.pt\/wp-content\/uploads\/2022\/10\/APEEN-2.png\" class=\"attachment-full size-full wp-image-2096\" alt=\"\" srcset=\"https:\/\/apeen.pt\/wp-content\/uploads\/2022\/10\/APEEN-2.png 3096w, https:\/\/apeen.pt\/wp-content\/uploads\/2022\/10\/APEEN-2-300x88.png 300w, https:\/\/apeen.pt\/wp-content\/uploads\/2022\/10\/APEEN-2-1024x300.png 1024w, https:\/\/apeen.pt\/wp-content\/uploads\/2022\/10\/APEEN-2-768x225.png 768w, https:\/\/apeen.pt\/wp-content\/uploads\/2022\/10\/APEEN-2-1536x450.png 1536w, https:\/\/apeen.pt\/wp-content\/uploads\/2022\/10\/APEEN-2-2048x600.png 2048w, https:\/\/apeen.pt\/wp-content\/uploads\/2022\/10\/APEEN-2-18x5.png 18w, https:\/\/apeen.pt\/wp-content\/uploads\/2022\/10\/APEEN-2-600x176.png 600w\" sizes=\"(max-width: 3096px) 100vw, 3096px\" loading=\"eager\" \/>\t\t\t\t\t\t\t\t\t\t\t\t\t\t\t<\/div>\n\t\t\t\t<\/div>\n\t\t\t\t\t<\/div>\n\t\t<\/div>\n\t\t\t\t\t<\/div>\n\t\t<\/section>\n\t\t\t\t<section class=\"elementor-section elementor-top-section elementor-element elementor-element-ac06a03 elementor-section-boxed elementor-section-height-default elementor-section-height-default\" data-id=\"ac06a03\" data-element_type=\"section\" data-e-type=\"section\">\n\t\t\t\t\t\t<div class=\"elementor-container elementor-column-gap-default\">\n\t\t\t\t\t<div class=\"elementor-column elementor-col-100 elementor-top-column elementor-element elementor-element-619ecf9\" data-id=\"619ecf9\" data-element_type=\"column\" data-e-type=\"column\">\n\t\t\t<div class=\"elementor-widget-wrap elementor-element-populated\">\n\t\t\t\t\t\t<div class=\"elementor-element elementor-element-256fa07 elementor-widget elementor-widget-heading\" data-id=\"256fa07\" data-element_type=\"widget\" data-e-type=\"widget\" data-widget_type=\"heading.default\">\n\t\t\t\t<div class=\"elementor-widget-container\">\n\t\t\t\t\t<h2 class=\"elementor-heading-title elementor-size-default\">APEEN<br><b>The Portuguese Association of Energy Economics<\/b><\/h2>\t\t\t\t<\/div>\n\t\t\t\t<\/div>\n\t\t\t\t<div class=\"elementor-element elementor-element-912f077 elementor-widget elementor-widget-text-editor\" data-id=\"912f077\" data-element_type=\"widget\" data-e-type=\"widget\" data-widget_type=\"text-editor.default\">\n\t\t\t\t<div class=\"elementor-widget-container\">\n\t\t\t\t\t\t\t\t\t<p>The <strong>The Portuguese Association of Energy Economics - APEEN<\/strong> aims at:<\/p><ul><li style=\"list-style-type: none;\"><ul><li>Promote the mutual association of its intervenient interested in Energy Economics, in order to create a professional forum for discussion;<\/li><\/ul><\/li><\/ul><ul><li style=\"list-style-type: none;\"><ul><li>Provide means to professional communication and interchange of experiences and ideas between persons and institutions interested in Energy Economics;<\/li><\/ul><\/li><\/ul><ul><li style=\"list-style-type: none;\"><ul><li>Promote and conduct awareness campaigns on issues related to the Energy Economics;<\/li><\/ul><\/li><\/ul><ul><li style=\"list-style-type: none;\"><ul><li>Carry out information actions to the media and political and economic decision-makers in order to sensitize them to the issues related to the Energy Economics.<\/li><\/ul><\/li><\/ul><p>To fulfil these goals the association will promote, among other activities, the organization of conferences, meetings and seminars over issues related with Energy Economics and will disclose the works and conclusions of the debates derived here.<\/p><p>The Portuguese Association for Energy Economics (APEEN) was established at the University of Aveiro (UA) during the II Meeting on Energy and Environmental Economics (ME3) held on September 18th, 2015 in the Department of Economics, Management, Industrial Engineering and Tourism (DEGEIT). With the presence and support of G\u00fcrkan Kumbaroglu, the elected president of the International Association for Energy Economics (IAEE), the APEEN was born on the initiative of a group of young researchers of the UA, which counted with the active support of its Spanish counterpart (AEEE) at the initial stage.<\/p><p>The \"negotiations\" with Portuguese recognized personalities in the field of Energy and Environment Economics culminated in a meeting in Lisbon with the founding partners, who belong to several organs of APEEN. At this meeting, which took place on May 18th, 2015, the present members agreed to join to give birth to the current APEEN by the time of the 12th International Conference on the European Energy Markets (EEM 2015) that occurred in the ISEL - Instituto Superior de Engenharia de Lisboa, currently chaired by the vice president of APEEN, Jorge Sousa, from the 19th to the 22nd May 2015. Since then everything has been done to base APEEN in the DEGEIT.<\/p>\t\t\t\t\t\t\t\t<\/div>\n\t\t\t\t<\/div>\n\t\t\t\t\t<\/div>\n\t\t<\/div>\n\t\t\t\t\t<\/div>\n\t\t<\/section>\n\t\t\t\t<\/div>","protected":false},"excerpt":{"rendered":"<p>APEENAssocia\u00e7\u00e3o Portuguesa de Economia da Energia A Associa\u00e7\u00e3o Portuguesa de Economia da Energia (APEEN) \u00e9 a filial portuguesa da International Association of Energy Economics (IAEE) e tem os seguintes objetivos: Promover a colabora\u00e7\u00e3o entre pessoas e institui\u00e7\u00f5es interessadas em Economia da Energia a fim de criar um f\u00f3rum de discuss\u00e3o profissional; Proporcionar um meio de [&hellip;]<\/p>\n","protected":false},"author":1,"featured_media":0,"parent":0,"menu_order":0,"comment_status":"closed","ping_status":"closed","template":"","meta":{"site-sidebar-layout":"no-sidebar","site-content-layout":"page-builder","ast-site-content-layout":"default","site-content-style":"default","site-sidebar-style":"default","ast-global-header-display":"","ast-banner-title-visibility":"","ast-main-header-display":"","ast-hfb-above-header-display":"","ast-hfb-below-header-display":"","ast-hfb-mobile-header-display":"","site-post-title":"disabled","ast-breadcrumbs-content":"","ast-featured-img":"disabled","footer-sml-layout":"","ast-disable-related-posts":"","theme-transparent-header-meta":"","adv-header-id-meta":"","stick-header-meta":"","header-above-stick-meta":"","header-main-stick-meta":"","header-below-stick-meta":"","astra-migrate-meta-layouts":"default","ast-page-background-enabled":"default","ast-page-background-meta":{"desktop":{"background-color":"var(--ast-global-color-4)","background-image":"","background-repeat":"repeat","background-position":"center center","background-size":"auto","background-attachment":"scroll","background-type":"","background-media":"","overlay-type":"","overlay-color":"","overlay-opacity":"","overlay-gradient":""},"tablet":{"background-color":"","background-image":"","background-repeat":"repeat","background-position":"center center","background-size":"auto","background-attachment":"scroll","background-type":"","background-media":"","overlay-type":"","overlay-color":"","overlay-opacity":"","overlay-gradient":""},"mobile":{"background-color":"","background-image":"","background-repeat":"repeat","background-position":"center center","background-size":"auto","background-attachment":"scroll","background-type":"","background-media":"","overlay-type":"","overlay-color":"","overlay-opacity":"","overlay-gradient":""}},"ast-content-background-meta":{"desktop":{"background-color":"var(--ast-global-color-5)","background-image":"","background-repeat":"repeat","background-position":"center center","background-size":"auto","background-attachment":"scroll","background-type":"","background-media":"","overlay-type":"","overlay-color":"","overlay-opacity":"","overlay-gradient":""},"tablet":{"background-color":"var(--ast-global-color-5)","background-image":"","background-repeat":"repeat","background-position":"center center","background-size":"auto","background-attachment":"scroll","background-type":"","background-media":"","overlay-type":"","overlay-color":"","overlay-opacity":"","overlay-gradient":""},"mobile":{"background-color":"var(--ast-global-color-5)","background-image":"","background-repeat":"repeat","background-position":"center center","background-size":"auto","background-attachment":"scroll","background-type":"","background-media":"","overlay-type":"","overlay-color":"","overlay-opacity":"","overlay-gradient":""}},"footnotes":""},"class_list":["post-32","page","type-page","status-publish","hentry"],"_links":{"self":[{"href":"https:\/\/apeen.pt\/en\/wp-json\/wp\/v2\/pages\/32","targetHints":{"allow":["GET"]}}],"collection":[{"href":"https:\/\/apeen.pt\/en\/wp-json\/wp\/v2\/pages"}],"about":[{"href":"https:\/\/apeen.pt\/en\/wp-json\/wp\/v2\/types\/page"}],"author":[{"embeddable":true,"href":"https:\/\/apeen.pt\/en\/wp-json\/wp\/v2\/users\/1"}],"replies":[{"embeddable":true,"href":"https:\/\/apeen.pt\/en\/wp-json\/wp\/v2\/comments?post=32"}],"version-history":[{"count":42,"href":"https:\/\/apeen.pt\/en\/wp-json\/wp\/v2\/pages\/32\/revisions"}],"predecessor-version":[{"id":2099,"href":"https:\/\/apeen.pt\/en\/wp-json\/wp\/v2\/pages\/32\/revisions\/2099"}],"wp:attachment":[{"href":"https:\/\/apeen.pt\/en\/wp-json\/wp\/v2\/media?parent=32"}],"curies":[{"name":"wp","href":"https:\/\/api.w.org\/{rel}","templated":true}]}}